{"id":2230,"date":"2020-02-16T01:10:58","date_gmt":"2020-02-16T01:10:58","guid":{"rendered":"http:\/\/www.rentreelitterairedumali.org\/?page_id=2230"},"modified":"2020-02-16T21:44:58","modified_gmt":"2020-02-16T21:44:58","slug":"cafes-litteraires","status":"publish","type":"page","link":"https:\/\/www.rentreelitterairedumali.org\/?page_id=2230","title":{"rendered":"CAF\u00c9S LITT\u00c9RAIRES"},"content":{"rendered":"<div class=\"wpb-content-wrapper\"><p>[vc_row][vc_column width=\u00a0\u00bb2\/3&Prime;][vc_column_text][\/vc_column_text][\/vc_column][\/vc_row][vc_row][vc_column width=\u00a0\u00bb2\/3&Prime;][vc_column_text]<\/p>\n<ul>\n<li><strong>JEUDI 20 FEVRIER 2020<\/strong><\/li>\n<\/ul>\n<p>&nbsp;<\/p>\n<p><strong>17H<\/strong> : Institut fran\u00e7ais du Mali<\/p>\n<p><strong>Caf\u00e9 litt\u00e9raire<\/strong> <strong>:<\/strong> Dire et taire dans la famille<\/p>\n<p>Dans une famille on ne choisit pas toujours ce que l\u2019on transmet et ce dont on h\u00e9rite, les trois romanci\u00e8res se sont interrog\u00e9es sur les secrets de famille et les difficult\u00e9s \u00e0 s\u2019exprimer.<\/p>\n<p><strong>Intervenants <\/strong>: Pascale Kramer, Hajar Bali, Safiatou Ba,<\/p>\n<p>Henriette Samak\u00e9<\/p>\n<p><strong>Mod\u00e9ration<\/strong> : Ramata Diaour\u00e9<\/p>\n<p><strong>19H<\/strong> : Institut fran\u00e7ais du Mali<\/p>\n<p><strong>Caf\u00e9 litt\u00e9raire :<\/strong> \u00ab\u00a0Retour sur une oeuvre\u00a0\u00bb.<br \/>\nDialogue avec l&rsquo;auteur pour lui permettre de s&rsquo;exprimer sur son travail et sur un texte en particulier. Suivi de d\u00e9dicace<\/p>\n<p><strong>Intervenants<\/strong> : L\u00e9onora Miano, Louis-Philippe Dalembert,<\/p>\n<p>Salom\u00e9 Berlemont-Gilles, Mbarek Beyrouk<\/p>\n<p><strong>Mod\u00e9rateur<\/strong> : Annie Ferret[\/vc_column_text][\/vc_column][vc_column width=\u00a0\u00bb1\/3&Prime;][vc_single_image image=\u00a0\u00bb7&Prime; img_size=\u00a0\u00bblarge\u00a0\u00bb][\/vc_column][\/vc_row]<\/p>\n<\/div>","protected":false},"excerpt":{"rendered":"<p>[vc_row][vc_column width=\u00a0\u00bb2\/3&Prime;][vc_column_text][\/vc_column_text][\/vc_column][\/vc_row][vc_row][vc_column width=\u00a0\u00bb2\/3&Prime;][vc_column_text] JEUDI 20 FEVRIER 2020 &nbsp; 17H : Institut fran\u00e7ais du Mali Caf\u00e9 litt\u00e9raire : Dire et taire dans la famille Dans une famille on ne choisit pas toujours ce que l\u2019on transmet et ce dont on h\u00e9rite,&#8230;<\/p>\n","protected":false},"author":1,"featured_media":0,"parent":0,"menu_order":0,"comment_status":"closed","ping_status":"closed","template":"","meta":{"footnotes":""},"class_list":["post-2230","page","type-page","status-publish","hentry"],"_links":{"self":[{"href":"https:\/\/www.rentreelitterairedumali.org\/index.php?rest_route=\/wp\/v2\/pages\/2230","targetHints":{"allow":["GET"]}}],"collection":[{"href":"https:\/\/www.rentreelitterairedumali.org\/index.php?rest_route=\/wp\/v2\/pages"}],"about":[{"href":"https:\/\/www.rentreelitterairedumali.org\/index.php?rest_route=\/wp\/v2\/types\/page"}],"author":[{"embeddable":true,"href":"https:\/\/www.rentreelitterairedumali.org\/index.php?rest_route=\/wp\/v2\/users\/1"}],"replies":[{"embeddable":true,"href":"https:\/\/www.rentreelitterairedumali.org\/index.php?rest_route=%2Fwp%2Fv2%2Fcomments&post=2230"}],"version-history":[{"count":2,"href":"https:\/\/www.rentreelitterairedumali.org\/index.php?rest_route=\/wp\/v2\/pages\/2230\/revisions"}],"predecessor-version":[{"id":2305,"href":"https:\/\/www.rentreelitterairedumali.org\/index.php?rest_route=\/wp\/v2\/pages\/2230\/revisions\/2305"}],"wp:attachment":[{"href":"https:\/\/www.rentreelitterairedumali.org\/index.php?rest_route=%2Fwp%2Fv2%2Fmedia&parent=2230"}],"curies":[{"name":"wp","href":"https:\/\/api.w.org\/{rel}","templated":true}]}}