{"id":2245,"date":"2020-02-16T03:23:10","date_gmt":"2020-02-16T03:23:10","guid":{"rendered":"http:\/\/www.rentreelitterairedumali.org\/?page_id=2245"},"modified":"2020-02-16T03:50:59","modified_gmt":"2020-02-16T03:50:59","slug":"atelier-decriture","status":"publish","type":"page","link":"https:\/\/www.rentreelitterairedumali.org\/?page_id=2245","title":{"rendered":"ATELIER D\u2019\u00c9CRITURE"},"content":{"rendered":"<div class=\"wpb-content-wrapper\"><p>[vc_row][vc_column width=\u00a0\u00bb2\/3&Prime;][vc_column_text]<\/p>\n<ul>\n<li><strong>LUNDI 17 FEVRIER 2020<\/strong><\/li>\n<\/ul>\n<p>&nbsp;<\/p>\n<p><strong>09H : La Gare<\/strong><\/p>\n<p><strong>Ateliers d\u2019\u00e9criture<\/strong> : La fabrique du personnage<\/p>\n<p>La fiction litt\u00e9raire s\u2019int\u00e9resse \u00e0 la condition humaine. C\u2019est ce qui fait l\u2019universalit\u00e9 des textes, quel que soit leur ancrage g\u00e9ographique ou culturel. Bien entendu, c\u2019est \u00e0 travers les personnages que s\u2019exprime l\u2019exp\u00e9rience humaine, c\u2019est \u00e0 eux que s\u2019identifie le lecteur, en eux qu\u2019il se projette. Il convient donc d\u2019apporter un soin particulier \u00e0 leur construction. Sur le plan technique, ce sera le but de l\u2019atelier. D\u2019autres aspects pourront \u00eatre abord\u00e9s, mais il s\u2019agira avant tout de travailler \u00e0 l\u2019\u00e9laboration de personnages de fiction. Quel est le r\u00f4le du personnage principal ? A quoi servent les protagonistes secondaires ? Le narrateur est-il un personnage ? Quels rapports peuvent \u00eatre \u00e9tablis entre les figures humaines mises en pr\u00e9sence et le d\u00e9cor du texte ? Comment les personnages incarnent-ils des concepts ? Comment faire exister le corps d\u2019un personnage sans faire intervenir la description ? Telles sont quelques-unes des questions auxquelles l\u2019atelier permettra de r\u00e9pondre. Les participants \u00e0 cet atelier cr\u00e9eront les personnages d\u2019une histoire dont le cadre sera r\u00e9v\u00e9l\u00e9 au cours de la premi\u00e8re s\u00e9ance. Toutefois, afin d\u2019alimenter leur r\u00e9flexion sur le contexte, il leur sera fourni de la documentation en amont.<\/p>\n<p><strong>Participants<\/strong> : Etudiants<\/p>\n<p><strong>Animation<\/strong> : L\u00e9onora Miano<\/p>\n<p>&nbsp;<\/p>\n<p><strong>MARDI 18 FEVRIER 2020<\/strong><\/p>\n<p><strong>09H : La Gare<\/strong><\/p>\n<p>Ateliers d\u2019\u00e9criture, suite : La fabrique du personnage<\/p>\n<p>Participants : Etudiants<\/p>\n<p>Animation : L\u00e9onora Miano<\/p>\n<p>&nbsp;<\/p>\n<ul>\n<li><strong>MERCREDI 19 FEVRIER 2020<\/strong><\/li>\n<\/ul>\n<p>&nbsp;<\/p>\n<p><strong>09H : Ouverture de la Librairie de la Rentr\u00e9e dans les communes de Bamako<\/strong><\/p>\n<p><strong>09H : La gare<\/strong><\/p>\n<p>Ateliers d\u2019\u00e9criture, suite : La fabrique du personnage<\/p>\n<p><strong>Participants<\/strong> : Etudiants<\/p>\n<p><strong>Animation<\/strong> : L\u00e9onora Miano<\/p>\n<p>&nbsp;<\/p>\n<ul>\n<li><strong>JEUDI 20 FEVRIER 2020<\/strong><\/li>\n<\/ul>\n<p>&nbsp;<\/p>\n<p>&nbsp;<\/p>\n<p><strong>09H : Institut fran\u00e7ais du Mali<\/strong><\/p>\n<p>Ateliers d\u2019\u00e9criture, suite et fin : La fabrique du personnage<\/p>\n<p><strong>Participants<\/strong> : Etudiants<\/p>\n<p>Animation : L\u00e9onora Miano<\/p>\n<p>9H : Biblioth\u00e8que nationale (Hamdallaye ACI 2000)<br \/>\nAtelier : Capitalisation en vue de l\u2019\u00e9laboration d\u2019une politique du livre au Mali<br \/>\nIntervenants : Acteurs du livre au Mali et invit\u00e9s \u00e9trangers<br \/>\nMod\u00e9ration : Fatogoma Diakit\u00e9[\/vc_column_text][\/vc_column][vc_column width=\u00a0\u00bb1\/3&Prime;][vc_single_image image=\u00a0\u00bb7&Prime; img_size=\u00a0\u00bblarge\u00a0\u00bb][\/vc_column][\/vc_row][vc_row][vc_column width=\u00a0\u00bb2\/3&Prime;][\/vc_column][\/vc_row]<\/p>\n<\/div>","protected":false},"excerpt":{"rendered":"<p>[vc_row][vc_column width=\u00a0\u00bb2\/3&Prime;][vc_column_text] LUNDI 17 FEVRIER 2020 &nbsp; 09H : La Gare Ateliers d\u2019\u00e9criture : La fabrique du personnage La fiction litt\u00e9raire s\u2019int\u00e9resse \u00e0 la condition humaine. C\u2019est ce qui fait l\u2019universalit\u00e9 des textes, quel que soit leur ancrage g\u00e9ographique ou&#8230;<\/p>\n","protected":false},"author":1,"featured_media":0,"parent":0,"menu_order":0,"comment_status":"closed","ping_status":"closed","template":"","meta":{"footnotes":""},"class_list":["post-2245","page","type-page","status-publish","hentry"],"_links":{"self":[{"href":"https:\/\/www.rentreelitterairedumali.org\/index.php?rest_route=\/wp\/v2\/pages\/2245","targetHints":{"allow":["GET"]}}],"collection":[{"href":"https:\/\/www.rentreelitterairedumali.org\/index.php?rest_route=\/wp\/v2\/pages"}],"about":[{"href":"https:\/\/www.rentreelitterairedumali.org\/index.php?rest_route=\/wp\/v2\/types\/page"}],"author":[{"embeddable":true,"href":"https:\/\/www.rentreelitterairedumali.org\/index.php?rest_route=\/wp\/v2\/users\/1"}],"replies":[{"embeddable":true,"href":"https:\/\/www.rentreelitterairedumali.org\/index.php?rest_route=%2Fwp%2Fv2%2Fcomments&post=2245"}],"version-history":[{"count":3,"href":"https:\/\/www.rentreelitterairedumali.org\/index.php?rest_route=\/wp\/v2\/pages\/2245\/revisions"}],"predecessor-version":[{"id":2251,"href":"https:\/\/www.rentreelitterairedumali.org\/index.php?rest_route=\/wp\/v2\/pages\/2245\/revisions\/2251"}],"wp:attachment":[{"href":"https:\/\/www.rentreelitterairedumali.org\/index.php?rest_route=%2Fwp%2Fv2%2Fmedia&parent=2245"}],"curies":[{"name":"wp","href":"https:\/\/api.w.org\/{rel}","templated":true}]}}