{"id":2263,"date":"2020-02-16T16:35:51","date_gmt":"2020-02-16T16:35:51","guid":{"rendered":"http:\/\/www.rentreelitterairedumali.org\/?page_id=2263"},"modified":"2020-02-16T16:57:05","modified_gmt":"2020-02-16T16:57:05","slug":"debat","status":"publish","type":"page","link":"https:\/\/www.rentreelitterairedumali.org\/?page_id=2263","title":{"rendered":"D\u00c9BAT"},"content":{"rendered":"<div class=\"wpb-content-wrapper\"><p>[vc_row][vc_column width=\u00a0\u00bb2\/3&Prime;][vc_column_text]<\/p>\n<ul>\n<li><strong>MERCREDI 19 FEVRIER 2020<\/strong><\/li>\n<\/ul>\n<p>&nbsp;<\/p>\n<p><strong>10H : Universit\u00e9 des Lettres et Sciences Humaines<\/strong> (ULSH, Cit\u00e9 universitaire Kabala)<\/p>\n<p>D\u00e9bat : De la litt\u00e9rature orale \u00e0 la litt\u00e9rature \u00e9crite : rupture ou continuit\u00e9?<\/p>\n<p>Intervenants : Marie Julie Nguetse, V\u00e9ronique Diarra,<\/p>\n<p>Abdoul Aziz Kon\u00e9<\/p>\n<p>Mod\u00e9ration: Ousmane Konat\u00e9<\/p>\n<p>&nbsp;<\/p>\n<ul>\n<li><strong>JEUDI 20 FEVRIER 2020<\/strong><\/li>\n<\/ul>\n<p>&nbsp;<\/p>\n<p><strong>10H : Universit\u00e9 des sciences sociales et de Gestion<\/strong> (USSG Badalabougou)<\/p>\n<p><strong>D\u00e9bat : Le Monde dans l&rsquo;impasse : consommation, climat, migrations ?<\/strong><\/p>\n<p>Surconsommation, r\u00e9chauffement climatique, migrations massives en vue\u2026Notre plan\u00e8te est en mode survie. Alors que certains s\u2019alarment, d\u2019autres font la grimace. Pendant que les uns appellent \u00e0 agir, les autres remettent en cause et se cramponnent \u00e0 leurs modes de vie. L\u2019action commune r\u00e9solue pour un monde durable peine \u00e0 se mettre en route. Quels r\u00e9cits pour sortir le monde de l\u2019impasse du ventre ?<\/p>\n<p>Intervenants: Nathalie M&rsquo;Dela-Mounier, Salom\u00e9 Berlemont Gilles,<\/p>\n<p>Mod\u00e9ration :<\/p>\n<p><strong>10H : Universit\u00e9 des sciences juridiques et politiques<\/strong> (Ex ENA, Route de Koulouba)<\/p>\n<p><strong>Projection du documentaire : Hirak<\/strong><\/p>\n<p><strong>D\u00e9bat<\/strong>: Quand les peuples s\u2019\u00e9veilleront\u2026<\/p>\n<p>L\u2019ann\u00e9e 2019 aura \u00e9t\u00e9 l\u2019ann\u00e9e de tous les soul\u00e8vements : Alg\u00e9rie, Soudan, Liban, Chili, Irak, Iran\u2026 \u00e9change autour de ces moments magiques avec des citoyens-auteurs<\/p>\n<p><strong>Intervenants<\/strong> : Abdelaziz Baraka Sakin, Tierno Mon\u00e9nembo,<\/p>\n<p>Djawad Rostom Touati, Seydou Camara<\/p>\n<p>Mod\u00e9ration :<\/p>\n<p>&nbsp;<\/p>\n<ul>\n<li><strong>VENDREDI 21 FEVRIER 2019 10h<\/strong><\/li>\n<\/ul>\n<p>&nbsp;<\/p>\n<p><strong>10H : Universit\u00e9 des Sciences Juridiques et Politiques<\/strong> (USJP ex-ENA)<\/p>\n<p><strong>D\u00e9bat: Le Mali en crise : r\u00e9cit national en panne ?<\/strong><\/p>\n<p><strong>Intervenants<\/strong> : Moussa Mara, Andr\u00e9 Bourgeot,<\/p>\n<p>Ndiaye Bah, Ibrahima Lans\u00e9ni Coulibaly<\/p>\n<p><strong>Mod\u00e9ration<\/strong> : Mamadou Bani Diallo<\/p>\n<p><strong>17H : Institut fran\u00e7ais du Mali<\/strong><\/p>\n<p><strong>D\u00e9bat: L\u2019Afrique ind\u00e9pendante, 60 ans apr\u00e8s : r\u00e9cits nationaux en panne ?<\/strong><\/p>\n<p>En 2020 beaucoup de pays africains vont c\u00e9l\u00e9brer leurs 60 ans d\u2019ind\u00e9pendance alors que le continent, o\u00f9 60% de la population a moins de 24 ans, est en proie aux crises et r\u00e9voltes. Entam\u00e9s par l\u2019inspiration pr\u00e9datrice, les r\u00e9cits empreints de tant d\u2019esp\u00e9rances \u00e0 l\u2019ind\u00e9pendance s\u2019enrayent, les fils du vivre ensemble se distendent et menacent de rompre. Alors, face \u00e0 des refrains de plus en plus inaudibles, n\u2019urge-t-il pas de revisiter les r\u00e9cits nationaux mais aussi d\u2019en imaginer qui ouvrent des possibles ?<\/p>\n<p><strong>Intervenants<\/strong> : Thierno Mon\u00e9nembo, Mbarek Beyrouk,<\/p>\n<p>Alima Madina, Bernard Salvaing<\/p>\n<p><strong>Mod\u00e9ration<\/strong> : Ramata Diaour\u00e9[\/vc_column_text][\/vc_column][vc_column width=\u00a0\u00bb1\/3&Prime;][vc_single_image image=\u00a0\u00bb7&Prime; img_size=\u00a0\u00bblarge\u00a0\u00bb][\/vc_column][\/vc_row][vc_row][vc_column width=\u00a0\u00bb1\/3&Prime;][\/vc_column][vc_column width=\u00a0\u00bb2\/3&Prime;][\/vc_column][\/vc_row]<\/p>\n<\/div>","protected":false},"excerpt":{"rendered":"<p>[vc_row][vc_column width=\u00a0\u00bb2\/3&Prime;][vc_column_text] MERCREDI 19 FEVRIER 2020 &nbsp; 10H : Universit\u00e9 des Lettres et Sciences Humaines (ULSH, Cit\u00e9 universitaire Kabala) D\u00e9bat : De la litt\u00e9rature orale \u00e0 la litt\u00e9rature \u00e9crite : rupture ou continuit\u00e9? Intervenants : Marie Julie Nguetse, V\u00e9ronique Diarra,&#8230;<\/p>\n","protected":false},"author":1,"featured_media":0,"parent":0,"menu_order":0,"comment_status":"closed","ping_status":"closed","template":"","meta":{"footnotes":""},"class_list":["post-2263","page","type-page","status-publish","hentry"],"_links":{"self":[{"href":"https:\/\/www.rentreelitterairedumali.org\/index.php?rest_route=\/wp\/v2\/pages\/2263","targetHints":{"allow":["GET"]}}],"collection":[{"href":"https:\/\/www.rentreelitterairedumali.org\/index.php?rest_route=\/wp\/v2\/pages"}],"about":[{"href":"https:\/\/www.rentreelitterairedumali.org\/index.php?rest_route=\/wp\/v2\/types\/page"}],"author":[{"embeddable":true,"href":"https:\/\/www.rentreelitterairedumali.org\/index.php?rest_route=\/wp\/v2\/users\/1"}],"replies":[{"embeddable":true,"href":"https:\/\/www.rentreelitterairedumali.org\/index.php?rest_route=%2Fwp%2Fv2%2Fcomments&post=2263"}],"version-history":[{"count":2,"href":"https:\/\/www.rentreelitterairedumali.org\/index.php?rest_route=\/wp\/v2\/pages\/2263\/revisions"}],"predecessor-version":[{"id":2266,"href":"https:\/\/www.rentreelitterairedumali.org\/index.php?rest_route=\/wp\/v2\/pages\/2263\/revisions\/2266"}],"wp:attachment":[{"href":"https:\/\/www.rentreelitterairedumali.org\/index.php?rest_route=%2Fwp%2Fv2%2Fmedia&parent=2263"}],"curies":[{"name":"wp","href":"https:\/\/api.w.org\/{rel}","templated":true}]}}