{"id":2272,"date":"2020-02-16T17:19:35","date_gmt":"2020-02-16T17:19:35","guid":{"rendered":"http:\/\/www.rentreelitterairedumali.org\/?page_id=2272"},"modified":"2020-02-16T17:31:14","modified_gmt":"2020-02-16T17:31:14","slug":"spectacles","status":"publish","type":"page","link":"https:\/\/www.rentreelitterairedumali.org\/?page_id=2272","title":{"rendered":"SPECTACLES"},"content":{"rendered":"<div class=\"wpb-content-wrapper\"><p>[vc_row][vc_column width=\u00a0\u00bb2\/3&Prime;][vc_column_text]<\/p>\n<ul>\n<li><strong>MERCREDI 19 FEVRIER 2020<\/strong><\/li>\n<\/ul>\n<p>&nbsp;<\/p>\n<p><strong>21H : : Institut fran\u00e7ais du Mali<\/strong><\/p>\n<p><strong>Spectacle\/Th\u00e9\u00e2tre :<\/strong> Tunka (L\u2019aventure)<\/p>\n<p>Le spectacle porte sur la sc\u00e8ne la complexe question de la migration : l\u2019aventure. Dans la pi\u00e8ce on voit un groupe de migrants rapatri\u00e9s qui racontent leurs m\u00e9saventures en utilisant plusieurs langages th\u00e9\u00e2traux. La musique accompagne et conduit la narration en nous plongeant dans la puissance de la r\u00e9f\u00e9rence mandingue.<\/p>\n<p>La pi\u00e8ce pr\u00f4ne l\u2019importance de communiquer sur le th\u00e8me : parler de la migration, \u00e9couter les migrants, leurs aventures, dans le plus grand respect pour ceux courageux qui s\u2019exposent aux risques et aux humiliations les plus rudes.<\/p>\n<p>\u00ab On en parlera, on en parlera\u2026 un en parlera encore demain et apr\u00e8s-demain et encore. On organisera des repr\u00e9sentations publiques. Le monde doit savoir\u2026 nos familles doivent savoir\u2026. Tu verras, Madou, que cela nous aide \u00e0 vivre, encore. \u00bb<\/p>\n<p><strong>Avec<\/strong> : Mory Bamba, Mimpamba Thomas Combari, Christian L\u00e9ger Dah,<\/p>\n<p>Brahima Diarra, Wendy Nar\u00e9, Ousmane Ouattara,<\/p>\n<p>Beebayagda Adjaratou Sawadogo, Yacouba Sissoko,<\/p>\n<p>Mariam Traor\u00e9<\/p>\n<p><strong>Mise en sc\u00e8ne :<\/strong> Luca Fusi<\/p>\n<ul>\n<li><strong>VENDREDI 21 FEVRIER 2019 10h<\/strong><\/li>\n<\/ul>\n<p>&nbsp;<\/p>\n<p><strong>21H : Institut fran\u00e7ais du Mali<\/strong><\/p>\n<p><strong>Spectacle\/Th\u00e9\u00e2tre :<\/strong> Legs<br \/>\nLEGS \u00ab suite \u00bb est le r\u00e9cit d\u2019une jeune femme qui s\u2019interroge sur son statut d\u2019enfant \u201cb\u00e2tarde\u201d. Edoxi a \u00e9t\u00e9 \u00e9lev\u00e9e par sa m\u00e8re et n\u2019a jamais \u00e9t\u00e9 reconnue par son p\u00e8re, qui habitait pourtant dans le m\u00eame quartier pauvre de Ouagadougou. Nulle complainte dans ce travail, c\u2019est plut\u00f4t la rage qui cogne aux fen\u00eatres. Au p\u00e8re qui abandonne ses enfants vient r\u00e9pondre le dictateur qui abandonne la nation, par un raccourci po\u00e9tique et politique fulgurant.<\/p>\n<p>Edoxi Gnoula nous transporte au coeur d\u2019un maquis africain dont elle interpr\u00e8te avec talent tous les occupants. Un monologue captivant, qui cherche \u00e0 m\u00ealer la petite \u00e0 la grande histoire.<\/p>\n<p><strong>De et avec :<\/strong> Edoxi Gnoula<\/p>\n<p><strong>Mise en sc\u00e8ne :<\/strong> Philippe Laurent[\/vc_column_text][\/vc_column][vc_column width=\u00a0\u00bb1\/3&Prime;][vc_single_image image=\u00a0\u00bb7&Prime; img_size=\u00a0\u00bblarge\u00a0\u00bb][\/vc_column][\/vc_row]<\/p>\n<\/div>","protected":false},"excerpt":{"rendered":"<p>[vc_row][vc_column width=\u00a0\u00bb2\/3&Prime;][vc_column_text] MERCREDI 19 FEVRIER 2020 &nbsp; 21H : : Institut fran\u00e7ais du Mali Spectacle\/Th\u00e9\u00e2tre : Tunka (L\u2019aventure) Le spectacle porte sur la sc\u00e8ne la complexe question de la migration : l\u2019aventure. Dans la pi\u00e8ce on voit un groupe de&#8230;<\/p>\n","protected":false},"author":1,"featured_media":0,"parent":0,"menu_order":0,"comment_status":"closed","ping_status":"closed","template":"","meta":{"footnotes":""},"class_list":["post-2272","page","type-page","status-publish","hentry"],"_links":{"self":[{"href":"https:\/\/www.rentreelitterairedumali.org\/index.php?rest_route=\/wp\/v2\/pages\/2272","targetHints":{"allow":["GET"]}}],"collection":[{"href":"https:\/\/www.rentreelitterairedumali.org\/index.php?rest_route=\/wp\/v2\/pages"}],"about":[{"href":"https:\/\/www.rentreelitterairedumali.org\/index.php?rest_route=\/wp\/v2\/types\/page"}],"author":[{"embeddable":true,"href":"https:\/\/www.rentreelitterairedumali.org\/index.php?rest_route=\/wp\/v2\/users\/1"}],"replies":[{"embeddable":true,"href":"https:\/\/www.rentreelitterairedumali.org\/index.php?rest_route=%2Fwp%2Fv2%2Fcomments&post=2272"}],"version-history":[{"count":2,"href":"https:\/\/www.rentreelitterairedumali.org\/index.php?rest_route=\/wp\/v2\/pages\/2272\/revisions"}],"predecessor-version":[{"id":2275,"href":"https:\/\/www.rentreelitterairedumali.org\/index.php?rest_route=\/wp\/v2\/pages\/2272\/revisions\/2275"}],"wp:attachment":[{"href":"https:\/\/www.rentreelitterairedumali.org\/index.php?rest_route=%2Fwp%2Fv2%2Fmedia&parent=2272"}],"curies":[{"name":"wp","href":"https:\/\/api.w.org\/{rel}","templated":true}]}}