{"id":2572,"date":"2022-05-12T07:11:59","date_gmt":"2022-05-12T07:11:59","guid":{"rendered":"http:\/\/www.rentreelitterairedumali.org\/?page_id=2572"},"modified":"2026-02-16T16:19:12","modified_gmt":"2026-02-16T16:19:12","slug":"journal","status":"publish","type":"page","link":"https:\/\/www.rentreelitterairedumali.org\/?page_id=2572","title":{"rendered":"Journal"},"content":{"rendered":"<div class=\"wpb-content-wrapper\"><p>[vc_row row-text-align=\u00a0\u00bbcenter\u00a0\u00bb background-attachment=\u00a0\u00bbscroll\u00a0\u00bb][vc_column][vc_column_text]<\/p>\n<h2>Rentr\u00e9e Litt\u00e9raire du Mali 2025<\/h2>\n<p><!--<\/p>\n\n\n\n\n<p><embed src=\"http:\/\/www.rentreelitterairedumali.org\/wp-content\/uploads\/2025\/02\/RENTREE-LITTERAIRE25-1.pdf\" scrolling=\"auto\" width=\"100%\" height=\"500px\"><\/embed><\/p>\n\n\n\n\n<p><span data-mce-type=\"bookmark\" style=\"display: inline-block; width: 0px; overflow: hidden; line-height: 0;\" class=\"mce_SELRES_start\"><\/span><br \/>\n-->[\/vc_column_text][\/vc_column][\/vc_row][vc_row][vc_column][vc_column_text css=\u00a0\u00bb\u00a0\u00bb]<strong>\ud83d\udce3 COMMUNIQU\u00c9 DE PRESSE<\/strong><\/p>\n<div style=\"font-family: &quot;Times New Roman&quot;, Times, serif;font-size: 14pt;line-height: 1.6;\">\nBamako, 15 f\u00e9vrier 2026<\/p>\n<p>La Rentr\u00e9e litt\u00e9raire du Mali 2026, rendez-vous culturel incontournable qui s\u2019est tenu \u00e0 Bamako du 10 au 14 f\u00e9vrier, a connu son point d\u2019orgue avec la remise du Prix Ahmed Baba 2026, la plus haute distinction litt\u00e9raire d\u00e9cern\u00e9e dans le cadre de cette grande manifestation annuelle.<\/p>\n<p>Ce prix prestigieux, qui honore une \u0153uvre \u00e9crite en fran\u00e7ais par un auteur africain et publi\u00e9e chez un \u00e9diteur \u00e9tabli sur le continent, a \u00e9t\u00e9 attribu\u00e9 cette ann\u00e9e au romancier Kebir Mustapha Ammi pour son livre \u00ab\u00a0Le coiffeur aux mains rouges\u00a0\u00bb. Cette \u0153uvre, tant salu\u00e9e par le jury que par le public, puise sa force dans une exploration profonde des blessures historiques et des chemins vers la r\u00e9conciliation, entre la France et l\u2019Alg\u00e9rie, \u00e0 travers l\u2019exp\u00e9rience intime de ses personnages.<\/p>\n<p>Le laur\u00e9at recevra une dotation de 3 000 000 FCFA (trois millions de francs CFA), r\u00e9compensant l\u2019excellence litt\u00e9raire et l\u2019engagement artistique. Parmi les autres finalistes figuraient des voix importantes du continent, comme Ze\u00efna Ha\u00efdara (Fissures), Fatoumata Keita (Sur les traces du destin) et Macaire Etty (L\u2019utopie calcin\u00e9e).<\/p>\n<p>Le Prix Ahmed Baba, nomm\u00e9 en hommage \u00e0 l\u2019illustre savant et homme de lettres Ahmed Baba de Tombouctou, symbolise l\u2019excellence de la production litt\u00e9raire sur le continent et son rayonnement international. Il promeut des \u0153uvres qui contribuent \u00e0 enrichir le patrimoine litt\u00e9raire africain et \u00e0 susciter des conversations essentielles autour de l\u2019histoire, de la m\u00e9moire et de nos futurs partag\u00e9s.<\/p>\n<p>La Rentr\u00e9e litt\u00e9raire du Mali r\u00e9affirme ainsi, \u00e0 travers ce prix et les nombreux \u00e9changes organis\u00e9s, son r\u00f4le de plateforme dynamique de promotion des litt\u00e9ratures africaines, en r\u00e9unissant auteurs, \u00e9diteurs, lecteurs et acteurs culturels autour des enjeux contemporains du livre et de la lecture.<\/p>\n<p>Contact presse :<br \/>\nRentr\u00e9e litt\u00e9raire du Mali \u2013 Fonds des prix litt\u00e9raires<br \/>\nEmail : fonds@afribonemali.net<br \/>\nSite web : www.rentreelitterairedumali.org\n<\/div>\n<p>[\/vc_column_text][\/vc_column][\/vc_row]<\/p>\n<\/div>","protected":false},"excerpt":{"rendered":"<p>[vc_row row-text-align=\u00a0\u00bbcenter\u00a0\u00bb background-attachment=\u00a0\u00bbscroll\u00a0\u00bb][vc_column][vc_column_text] Rentr\u00e9e Litt\u00e9raire du Mali 2025 [\/vc_column_text][\/vc_column][\/vc_row][vc_row][vc_column][vc_column_text css=\u00a0\u00bb\u00a0\u00bb]\ud83d\udce3 COMMUNIQU\u00c9 DE PRESSE Bamako, 15 f\u00e9vrier 2026 La Rentr\u00e9e litt\u00e9raire du Mali 2026, rendez-vous culturel incontournable qui s\u2019est tenu \u00e0 Bamako du 10 au 14 f\u00e9vrier, a connu son point&#8230;<\/p>\n","protected":false},"author":1,"featured_media":0,"parent":0,"menu_order":0,"comment_status":"closed","ping_status":"closed","template":"","meta":{"footnotes":""},"class_list":["post-2572","page","type-page","status-publish","hentry"],"_links":{"self":[{"href":"https:\/\/www.rentreelitterairedumali.org\/index.php?rest_route=\/wp\/v2\/pages\/2572","targetHints":{"allow":["GET"]}}],"collection":[{"href":"https:\/\/www.rentreelitterairedumali.org\/index.php?rest_route=\/wp\/v2\/pages"}],"about":[{"href":"https:\/\/www.rentreelitterairedumali.org\/index.php?rest_route=\/wp\/v2\/types\/page"}],"author":[{"embeddable":true,"href":"https:\/\/www.rentreelitterairedumali.org\/index.php?rest_route=\/wp\/v2\/users\/1"}],"replies":[{"embeddable":true,"href":"https:\/\/www.rentreelitterairedumali.org\/index.php?rest_route=%2Fwp%2Fv2%2Fcomments&post=2572"}],"version-history":[{"count":41,"href":"https:\/\/www.rentreelitterairedumali.org\/index.php?rest_route=\/wp\/v2\/pages\/2572\/revisions"}],"predecessor-version":[{"id":3542,"href":"https:\/\/www.rentreelitterairedumali.org\/index.php?rest_route=\/wp\/v2\/pages\/2572\/revisions\/3542"}],"wp:attachment":[{"href":"https:\/\/www.rentreelitterairedumali.org\/index.php?rest_route=%2Fwp%2Fv2%2Fmedia&parent=2572"}],"curies":[{"name":"wp","href":"https:\/\/api.w.org\/{rel}","templated":true}]}}